{"id":96,"date":"2017-11-14T12:05:36","date_gmt":"2017-11-14T11:05:36","guid":{"rendered":"http:\/\/svj12.cz\/?page_id=96"},"modified":"2023-11-14T16:09:49","modified_gmt":"2023-11-14T15:09:49","slug":"oddily","status":"publish","type":"page","link":"http:\/\/poseidonopava.cz\/index.php\/oddily\/","title":{"rendered":"Odd\u00edly a kontakty"},"content":{"rendered":"<hr>\n<table>\n<tbody>\n<tr>\n<td>&nbsp;&nbsp;<\/p>\n<p>&nbsp;<\/p>\n<p>&nbsp;<\/p>\n<p>&nbsp;<\/td>\n<td>&nbsp;&nbsp;&nbsp;&nbsp;&nbsp;<\/p>\n<p><span style=\"font-size: 14pt; color: #000080;\"><strong>kapit\u00e1n p\u0159\u00edstavu<\/strong><\/span><\/td>\n<\/tr>\n<tr>\n<td>&nbsp;<\/td>\n<td><strong>Petra \u010cern\u00ednov\u00e1<\/strong><\/td>\n<\/tr>\n<tr>\n<td><img decoding=\"async\" loading=\"lazy\" class=\"wp-image-300 size-full aligncenter\" src=\"http:\/\/poseidonopava.cz\/wp-content\/uploads\/2017\/11\/telefonorez-e1511505311121.png\" alt=\"\" width=\"22\" height=\"31\"><\/td>\n<td>728 122 067<\/td>\n<\/tr>\n<tr>\n<td><img decoding=\"async\" loading=\"lazy\" class=\"wp-image-301 size-full aligncenter\" src=\"http:\/\/poseidonopava.cz\/wp-content\/uploads\/2017\/11\/mailorez-e1511505336127.png\" alt=\"\" width=\"31\" height=\"30\"><\/td>\n<td>petra.cerninova@seznam.cz<\/td>\n<\/tr>\n<tr>\n<td colspan=\"2\"><img decoding=\"async\" loading=\"lazy\" class=\"alignnone wp-image-218\" src=\"http:\/\/poseidonopava.cz\/wp-content\/uploads\/2017\/11\/pruh-2-150x2.png\" alt=\"\" width=\"1000\" height=\"1\" srcset=\"http:\/\/poseidonopava.cz\/wp-content\/uploads\/2017\/11\/pruh-2-150x2.png 150w, http:\/\/poseidonopava.cz\/wp-content\/uploads\/2017\/11\/pruh-2-300x1.png 300w, http:\/\/poseidonopava.cz\/wp-content\/uploads\/2017\/11\/pruh-2-768x1.png 768w, http:\/\/poseidonopava.cz\/wp-content\/uploads\/2017\/11\/pruh-2-1024x1.png 1024w, http:\/\/poseidonopava.cz\/wp-content\/uploads\/2017\/11\/pruh-2.png 1500w\" sizes=\"(max-width: 1000px) 100vw, 1000px\" \/><\/td>\n<\/tr>\n<tr>\n<td><img decoding=\"async\" loading=\"lazy\" class=\"wp-image-119 aligncenter\" src=\"http:\/\/poseidonopava.cz\/wp-content\/uploads\/2017\/11\/vlajka1.gif\" alt=\"\" width=\"100\" height=\"54\"><\/td>\n<td><span style=\"font-size: 14pt; color: #000080;\"><strong>1. odd\u00edl oldskaut\u016f a p\u0159\u00e1tel Jun\u00e1ka<\/strong><\/span><\/td>\n<\/tr>\n<tr>\n<td><img decoding=\"async\" loading=\"lazy\" class=\"alignnone wp-image-305 size-full aligncenter\" src=\"http:\/\/poseidonopava.cz\/wp-content\/uploads\/2017\/11\/dumorez-e1511505697712.png\" alt=\"\" width=\"38\" height=\"30\"><\/td>\n<td>ka\u017ed\u00e9 pond\u011bl\u00ed, 17:00 &#8211; 20:00<\/td>\n<\/tr>\n<tr>\n<td><img decoding=\"async\" loading=\"lazy\" class=\"alignnone wp-image-306 size-full aligncenter\" src=\"http:\/\/poseidonopava.cz\/wp-content\/uploads\/2017\/11\/holka_klukorez-e1511505786857.png\" alt=\"\" width=\"28\" height=\"30\">&nbsp;&nbsp;&nbsp;&nbsp;<\/p>\n<p>&nbsp;<\/td>\n<td>dosp\u011bl\u00ed \u010dlenov\u00e9 a p\u0159\u00e1tel\u00e9 Jun\u00e1ka&nbsp;&nbsp;&nbsp;&nbsp;<\/p>\n<p>&nbsp;<\/td>\n<\/tr>\n<tr>\n<td style=\"text-align: left;\"><strong>Vedouc\u00ed:<\/strong><\/td>\n<td><strong>Iva Bazalov\u00e1 Hu\u0161kov\u00e1 &#8211; Ivka<\/strong><\/td>\n<\/tr>\n<tr>\n<td style=\"text-align: center;\"><img decoding=\"async\" loading=\"lazy\" class=\"alignnone wp-image-300 size-full aligncenter\" src=\"http:\/\/poseidonopava.cz\/wp-content\/uploads\/2017\/11\/telefonorez-e1511505311121.png\" alt=\"\" width=\"22\" height=\"31\"><\/td>\n<td>724 311 295<\/td>\n<\/tr>\n<tr>\n<td style=\"text-align: center;\"><img decoding=\"async\" loading=\"lazy\" class=\"alignnone wp-image-301 size-full aligncenter\" src=\"http:\/\/poseidonopava.cz\/wp-content\/uploads\/2017\/11\/mailorez-e1511505336127.png\" alt=\"\" width=\"31\" height=\"30\"><\/td>\n<td>ivahuskova@seznam.cz<\/td>\n<\/tr>\n<tr>\n<td style=\"text-align: center;\">&nbsp;<\/td>\n<td>&nbsp;<\/td>\n<\/tr>\n<tr>\n<td style=\"text-align: left;\"><strong>Z\u00e1stupce:<\/strong><\/td>\n<td><strong>Radim Bazala &#8211; Bazuka<\/strong><\/td>\n<\/tr>\n<tr>\n<td style=\"text-align: center;\"><img decoding=\"async\" loading=\"lazy\" class=\"alignnone wp-image-300 size-full aligncenter\" src=\"http:\/\/poseidonopava.cz\/wp-content\/uploads\/2017\/11\/telefonorez-e1511505311121.png\" alt=\"\" width=\"22\" height=\"31\"><\/td>\n<td>607 556 570<\/td>\n<\/tr>\n<tr>\n<td style=\"text-align: center;\"><img decoding=\"async\" loading=\"lazy\" class=\"alignnone wp-image-301 size-full aligncenter\" src=\"http:\/\/poseidonopava.cz\/wp-content\/uploads\/2017\/11\/mailorez-e1511505336127.png\" alt=\"\" width=\"31\" height=\"30\"><\/td>\n<td>radim.bazala@email.com<\/td>\n<\/tr>\n<tr>\n<td colspan=\"2\">&nbsp;<img decoding=\"async\" loading=\"lazy\" class=\"alignnone wp-image-218\" src=\"http:\/\/poseidonopava.cz\/wp-content\/uploads\/2017\/11\/pruh-2-150x2.png\" alt=\"\" width=\"1000\" height=\"1\" srcset=\"http:\/\/poseidonopava.cz\/wp-content\/uploads\/2017\/11\/pruh-2-150x2.png 150w, http:\/\/poseidonopava.cz\/wp-content\/uploads\/2017\/11\/pruh-2-300x1.png 300w, http:\/\/poseidonopava.cz\/wp-content\/uploads\/2017\/11\/pruh-2-768x1.png 768w, http:\/\/poseidonopava.cz\/wp-content\/uploads\/2017\/11\/pruh-2-1024x1.png 1024w, http:\/\/poseidonopava.cz\/wp-content\/uploads\/2017\/11\/pruh-2.png 1500w\" sizes=\"(max-width: 1000px) 100vw, 1000px\" \/><\/td>\n<\/tr>\n<tr>\n<td><img decoding=\"async\" loading=\"lazy\" class=\"wp-image-222 aligncenter\" src=\"http:\/\/poseidonopava.cz\/wp-content\/uploads\/2017\/11\/vlajka8.gif\" alt=\"\" width=\"99\" height=\"54\"><\/td>\n<td><span style=\"font-size: 14pt; color: #000080;\"><strong>8. odd\u00edl rover\u016f a rangers<\/strong><\/span><\/td>\n<\/tr>\n<tr>\n<td><img decoding=\"async\" loading=\"lazy\" class=\"alignnone wp-image-305 size-full aligncenter\" src=\"http:\/\/poseidonopava.cz\/wp-content\/uploads\/2017\/11\/dumorez-e1511505697712.png\" alt=\"\" width=\"38\" height=\"30\"><\/td>\n<td>ka\u017ed\u00e9 pond\u011bl\u00ed, 17:00 &#8211; 20:00<\/td>\n<\/tr>\n<tr>\n<td><img decoding=\"async\" loading=\"lazy\" class=\"alignnone wp-image-306 size-full aligncenter\" src=\"http:\/\/poseidonopava.cz\/wp-content\/uploads\/2017\/11\/holka_klukorez-e1511505786857.png\" alt=\"\" width=\"28\" height=\"30\">&nbsp;&nbsp;&nbsp;&nbsp;<\/p>\n<p>&nbsp;<\/td>\n<td>rove\u0159i a rangers star\u0161\u00ed 15 let&nbsp;&nbsp;&nbsp;&nbsp;<\/p>\n<p>&nbsp;<\/td>\n<\/tr>\n<tr>\n<td style=\"text-align: left;\"><strong>Vedouc\u00ed:<\/strong><\/td>\n<td><strong>Mark\u00e9ta \u010cern\u00ednov\u00e1<\/strong><\/td>\n<\/tr>\n<tr>\n<td style=\"text-align: center;\">&nbsp;<img decoding=\"async\" loading=\"lazy\" class=\"alignnone wp-image-300 size-full\" src=\"http:\/\/poseidonopava.cz\/wp-content\/uploads\/2017\/11\/telefonorez-e1511505311121.png\" alt=\"\" width=\"22\" height=\"31\"><\/td>\n<td>608 894 415<\/td>\n<\/tr>\n<tr>\n<td style=\"text-align: center;\">&nbsp;<img decoding=\"async\" loading=\"lazy\" class=\"alignnone wp-image-301 size-full\" src=\"http:\/\/poseidonopava.cz\/wp-content\/uploads\/2017\/11\/mailorez-e1511505336127.png\" alt=\"\" width=\"31\" height=\"30\"><\/td>\n<td>cerninovamarketa@seznam.cz<\/td>\n<\/tr>\n<tr>\n<td>&nbsp;<\/td>\n<td>&nbsp;<\/td>\n<\/tr>\n<tr>\n<td style=\"text-align: left;\"><strong>Z\u00e1stupce:<\/strong><\/td>\n<td><strong>Sylva Markov\u00e1 Batkov\u00e1<\/strong><\/td>\n<\/tr>\n<tr>\n<td style=\"text-align: center;\">&nbsp;<img decoding=\"async\" loading=\"lazy\" class=\"alignnone wp-image-300 size-full\" src=\"http:\/\/poseidonopava.cz\/wp-content\/uploads\/2017\/11\/telefonorez-e1511505311121.png\" alt=\"\" width=\"22\" height=\"31\"><\/td>\n<td>&nbsp;607 238 831<\/td>\n<\/tr>\n<tr>\n<td style=\"text-align: center;\">&nbsp;<img decoding=\"async\" loading=\"lazy\" class=\"alignnone wp-image-301 size-full\" src=\"http:\/\/poseidonopava.cz\/wp-content\/uploads\/2017\/11\/mailorez-e1511505336127.png\" alt=\"\" width=\"31\" height=\"30\"><\/td>\n<td>sylvieb@centrum.cz<\/td>\n<\/tr>\n<tr>\n<td colspan=\"2\">&nbsp;<img decoding=\"async\" loading=\"lazy\" class=\"alignnone wp-image-218\" src=\"http:\/\/poseidonopava.cz\/wp-content\/uploads\/2017\/11\/pruh-2-150x2.png\" alt=\"\" width=\"1000\" height=\"1\" srcset=\"http:\/\/poseidonopava.cz\/wp-content\/uploads\/2017\/11\/pruh-2-150x2.png 150w, http:\/\/poseidonopava.cz\/wp-content\/uploads\/2017\/11\/pruh-2-300x1.png 300w, http:\/\/poseidonopava.cz\/wp-content\/uploads\/2017\/11\/pruh-2-768x1.png 768w, http:\/\/poseidonopava.cz\/wp-content\/uploads\/2017\/11\/pruh-2-1024x1.png 1024w, http:\/\/poseidonopava.cz\/wp-content\/uploads\/2017\/11\/pruh-2.png 1500w\" sizes=\"(max-width: 1000px) 100vw, 1000px\" \/><\/td>\n<\/tr>\n<tr>\n<td><img decoding=\"async\" loading=\"lazy\" class=\"wp-image-235 aligncenter\" src=\"http:\/\/poseidonopava.cz\/wp-content\/uploads\/2017\/11\/vlajka9.gif\" alt=\"\" width=\"99\" height=\"54\"><\/td>\n<td><span style=\"font-size: 14pt; color: #000080;\"><strong>10. odd\u00edl vodn\u00edch skaut\u016f a skautek<\/strong><\/span><\/td>\n<\/tr>\n<tr>\n<td><img decoding=\"async\" loading=\"lazy\" class=\"alignnone wp-image-305 size-full aligncenter\" src=\"http:\/\/poseidonopava.cz\/wp-content\/uploads\/2017\/11\/dumorez-e1511505697712.png\" alt=\"\" width=\"38\" height=\"30\"><\/td>\n<td>ka\u017ed\u00e9 \u00fater\u00fd, 16:30 &#8211; 18:00<\/td>\n<\/tr>\n<tr>\n<td style=\"text-align: center;\"><img decoding=\"async\" loading=\"lazy\" class=\"wp-image-306 size-full aligncenter\" src=\"http:\/\/poseidonopava.cz\/wp-content\/uploads\/2017\/11\/holka_klukorez-e1511505786857.png\" alt=\"\" width=\"28\" height=\"30\"><\/td>\n<td>od 5 do 7 let<\/td>\n<\/tr>\n<tr>\n<td style=\"text-align: center;\"><img decoding=\"async\" loading=\"lazy\" class=\"aligncenter wp-image-306 size-full\" src=\"http:\/\/poseidonopava.cz\/wp-content\/uploads\/2017\/11\/holka_klukorez-e1511505786857.png\" alt=\"\" width=\"28\" height=\"30\"><\/td>\n<td>od 7 do 15 let<\/td>\n<\/tr>\n<tr>\n<td style=\"text-align: left;\"><strong>Vedouc\u00ed:<\/strong><\/td>\n<td><strong>Denisa Klossov\u00e1 &#8211; Dejna<\/strong><\/td>\n<\/tr>\n<tr>\n<td style=\"text-align: center;\">&nbsp;<img decoding=\"async\" loading=\"lazy\" class=\"alignnone wp-image-300 size-full\" src=\"http:\/\/poseidonopava.cz\/wp-content\/uploads\/2017\/11\/telefonorez-e1511505311121.png\" alt=\"\" width=\"22\" height=\"31\"><\/td>\n<td>739 179 775<\/td>\n<\/tr>\n<tr>\n<td style=\"text-align: center;\">&nbsp;<img decoding=\"async\" loading=\"lazy\" class=\"alignnone wp-image-301 size-full\" src=\"http:\/\/poseidonopava.cz\/wp-content\/uploads\/2017\/11\/mailorez-e1511505336127.png\" alt=\"\" width=\"31\" height=\"30\"><\/td>\n<td>denisaklossova@seznam.cz<\/td>\n<\/tr>\n<tr>\n<td style=\"text-align: center;\">&nbsp;<\/td>\n<td>&nbsp;<\/td>\n<\/tr>\n<tr>\n<td style=\"text-align: left;\"><strong>Z\u00e1stupce:<\/strong><\/td>\n<td><strong>Veronika Podol\u00ednsk\u00e1 &#8211; Veverka<\/strong><\/td>\n<\/tr>\n<tr>\n<td style=\"text-align: center;\">&nbsp;<img decoding=\"async\" loading=\"lazy\" class=\"alignnone wp-image-300 size-full\" src=\"http:\/\/poseidonopava.cz\/wp-content\/uploads\/2017\/11\/telefonorez-e1511505311121.png\" alt=\"\" width=\"22\" height=\"31\"><\/td>\n<td>734 234 056<\/td>\n<\/tr>\n<tr>\n<td style=\"text-align: center;\">&nbsp;<img decoding=\"async\" loading=\"lazy\" class=\"alignnone wp-image-301 size-full\" src=\"http:\/\/poseidonopava.cz\/wp-content\/uploads\/2017\/11\/mailorez-e1511505336127.png\" alt=\"\" width=\"31\" height=\"30\"><\/td>\n<td>veronika.podolinska@seznam.cz&nbsp;<\/td>\n<\/tr>\n<tr>\n<td colspan=\"2\">&nbsp;<img decoding=\"async\" loading=\"lazy\" class=\"alignnone wp-image-218\" src=\"http:\/\/poseidonopava.cz\/wp-content\/uploads\/2017\/11\/pruh-2-150x2.png\" alt=\"\" width=\"1000\" height=\"1\" srcset=\"http:\/\/poseidonopava.cz\/wp-content\/uploads\/2017\/11\/pruh-2-150x2.png 150w, http:\/\/poseidonopava.cz\/wp-content\/uploads\/2017\/11\/pruh-2-300x1.png 300w, http:\/\/poseidonopava.cz\/wp-content\/uploads\/2017\/11\/pruh-2-768x1.png 768w, http:\/\/poseidonopava.cz\/wp-content\/uploads\/2017\/11\/pruh-2-1024x1.png 1024w, http:\/\/poseidonopava.cz\/wp-content\/uploads\/2017\/11\/pruh-2.png 1500w\" sizes=\"(max-width: 1000px) 100vw, 1000px\" \/><\/td>\n<\/tr>\n<tr>\n<td><img decoding=\"async\" loading=\"lazy\" class=\"wp-image-240 aligncenter\" src=\"http:\/\/poseidonopava.cz\/wp-content\/uploads\/2017\/11\/vlajka12.gif\" alt=\"\" width=\"100\" height=\"54\"><\/td>\n<td><span style=\"font-size: 14pt; color: #000080;\"><strong>12. odd\u00edl vodn\u00edch \u017eabi\u010dek a vl\u010dat<\/strong><\/span><\/td>\n<\/tr>\n<tr>\n<td><img decoding=\"async\" loading=\"lazy\" class=\"alignnone wp-image-305 size-full aligncenter\" src=\"http:\/\/poseidonopava.cz\/wp-content\/uploads\/2017\/11\/dumorez-e1511505697712.png\" alt=\"\" width=\"38\" height=\"30\"><\/td>\n<td>ka\u017edou st\u0159edu, 16:30 &#8211; 18:00<\/td>\n<\/tr>\n<tr>\n<td style=\"text-align: left;\"><img decoding=\"async\" loading=\"lazy\" class=\"alignnone wp-image-307 size-full aligncenter\" src=\"http:\/\/poseidonopava.cz\/wp-content\/uploads\/2017\/11\/holkapngorez-e1511505992259.png\" alt=\"\" width=\"13\" height=\"30\">&nbsp;&nbsp;&nbsp;&nbsp;<\/p>\n<p>&nbsp;<\/td>\n<td>od 6 do 12 let&nbsp;&nbsp;&nbsp;&nbsp;<\/p>\n<p>&nbsp;<\/td>\n<\/tr>\n<tr>\n<td style=\"text-align: left;\"><strong>Vedouc\u00ed:<\/strong><\/td>\n<td><strong>Jana Podol\u00ednsk\u00e1<\/strong><\/td>\n<\/tr>\n<tr>\n<td style=\"text-align: center;\">&nbsp;<img decoding=\"async\" loading=\"lazy\" class=\"alignnone wp-image-300 size-full\" src=\"http:\/\/poseidonopava.cz\/wp-content\/uploads\/2017\/11\/telefonorez-e1511505311121.png\" alt=\"\" width=\"22\" height=\"31\"><\/td>\n<td>733 621 018<\/td>\n<\/tr>\n<tr>\n<td style=\"text-align: center;\">&nbsp;<img decoding=\"async\" loading=\"lazy\" class=\"alignnone wp-image-301 size-full\" src=\"http:\/\/poseidonopava.cz\/wp-content\/uploads\/2017\/11\/mailorez-e1511505336127.png\" alt=\"\" width=\"31\" height=\"30\"><\/td>\n<td>12.oddilposeidon@seznam.cz<\/td>\n<\/tr>\n<tr>\n<td style=\"text-align: center;\">&nbsp;<\/td>\n<td>&nbsp;<\/td>\n<\/tr>\n<tr>\n<td style=\"text-align: left;\"><strong>Z\u00e1stupce:<\/strong><\/td>\n<td><strong>Lucie Kamr\u00e1dkov\u00e1<\/strong><\/td>\n<\/tr>\n<tr>\n<td style=\"text-align: center;\">&nbsp;<img decoding=\"async\" loading=\"lazy\" class=\"alignnone wp-image-300 size-full\" src=\"http:\/\/poseidonopava.cz\/wp-content\/uploads\/2017\/11\/telefonorez-e1511505311121.png\" alt=\"\" width=\"22\" height=\"31\"><\/td>\n<td>607 721 474<\/td>\n<\/tr>\n<tr>\n<td style=\"text-align: center;\">&nbsp;<img decoding=\"async\" loading=\"lazy\" class=\"alignnone wp-image-301 size-full\" src=\"http:\/\/poseidonopava.cz\/wp-content\/uploads\/2017\/11\/mailorez-e1511505336127.png\" alt=\"\" width=\"31\" height=\"30\"><\/td>\n<td>12.oddilposeidon@seznam.cz<\/td>\n<\/tr>\n<tr>\n<td colspan=\"2\">&nbsp;<img decoding=\"async\" loading=\"lazy\" class=\"alignnone wp-image-218\" src=\"http:\/\/poseidonopava.cz\/wp-content\/uploads\/2017\/11\/pruh-2-150x2.png\" alt=\"\" width=\"1000\" height=\"1\" srcset=\"http:\/\/poseidonopava.cz\/wp-content\/uploads\/2017\/11\/pruh-2-150x2.png 150w, http:\/\/poseidonopava.cz\/wp-content\/uploads\/2017\/11\/pruh-2-300x1.png 300w, http:\/\/poseidonopava.cz\/wp-content\/uploads\/2017\/11\/pruh-2-768x1.png 768w, http:\/\/poseidonopava.cz\/wp-content\/uploads\/2017\/11\/pruh-2-1024x1.png 1024w, http:\/\/poseidonopava.cz\/wp-content\/uploads\/2017\/11\/pruh-2.png 1500w\" sizes=\"(max-width: 1000px) 100vw, 1000px\" \/><\/td>\n<\/tr>\n<\/tbody>\n<\/table>\n<p>\u200b<\/p>\n","protected":false},"excerpt":{"rendered":"<p>&nbsp;&nbsp; &nbsp; &nbsp; &nbsp; &nbsp;&nbsp;&nbsp;&nbsp;&nbsp; kapit\u00e1n p\u0159\u00edstavu &nbsp; Petra \u010cern\u00ednov\u00e1 728 122 067 petra.cerninova@seznam.cz 1. odd\u00edl oldskaut\u016f a p\u0159\u00e1tel Jun\u00e1ka ka\u017ed\u00e9 pond\u011bl\u00ed, 17:00 &#8211; 20:00 &nbsp;&nbsp;&nbsp;&nbsp; &nbsp; dosp\u011bl\u00ed&hellip;<\/p>\n","protected":false},"author":1,"featured_media":0,"parent":0,"menu_order":0,"comment_status":"closed","ping_status":"closed","template":"","meta":{"ngg_post_thumbnail":0},"_links":{"self":[{"href":"http:\/\/poseidonopava.cz\/index.php\/wp-json\/wp\/v2\/pages\/96"}],"collection":[{"href":"http:\/\/poseidonopava.cz\/index.php\/wp-json\/wp\/v2\/pages"}],"about":[{"href":"http:\/\/poseidonopava.cz\/index.php\/wp-json\/wp\/v2\/types\/page"}],"author":[{"embeddable":true,"href":"http:\/\/poseidonopava.cz\/index.php\/wp-json\/wp\/v2\/users\/1"}],"replies":[{"embeddable":true,"href":"http:\/\/poseidonopava.cz\/index.php\/wp-json\/wp\/v2\/comments?post=96"}],"version-history":[{"count":113,"href":"http:\/\/poseidonopava.cz\/index.php\/wp-json\/wp\/v2\/pages\/96\/revisions"}],"predecessor-version":[{"id":590,"href":"http:\/\/poseidonopava.cz\/index.php\/wp-json\/wp\/v2\/pages\/96\/revisions\/590"}],"wp:attachment":[{"href":"http:\/\/poseidonopava.cz\/index.php\/wp-json\/wp\/v2\/media?parent=96"}],"curies":[{"name":"wp","href":"https:\/\/api.w.org\/{rel}","templated":true}]}}