{"id":73,"date":"2017-09-25T10:29:17","date_gmt":"2017-09-25T08:29:17","guid":{"rendered":"http:\/\/svj12.cz\/?page_id=73"},"modified":"2023-11-16T17:34:38","modified_gmt":"2023-11-16T16:34:38","slug":"plan-akci","status":"publish","type":"page","link":"http:\/\/poseidonopava.cz\/index.php\/plan-akci\/","title":{"rendered":"Pl\u00e1n akc\u00ed"},"content":{"rendered":"<hr>\n<h2><span style=\"font-size: 24pt;\">Pl\u00e1n akc\u00ed na rok 2022\/2023<\/span><\/h2>\n<p>\u200b<\/p>\n<table style=\"width: 987px;\">\n<tbody>\n<tr>\n<td style=\"width: 816px; text-align: left;\" colspan=\"2\"><strong>&nbsp; &nbsp; &nbsp; &nbsp; &nbsp; &nbsp; &nbsp; &nbsp; &nbsp; &nbsp; &nbsp; &nbsp; &nbsp; &nbsp; &nbsp; &nbsp; &nbsp; &nbsp; <span style=\"color: #000080;\">&nbsp;Z\u00e1\u0159\u00ed<\/span><\/strong><\/td>\n<\/tr>\n<tr>\n<td style=\"width: 110.229px;\">2. 9. 2022<\/td>\n<td style=\"width: 705.771px;\"><strong>U vody je m\u00edsto pro v\u0161echny &#8211;&nbsp;<\/strong>Ochrana obyvatelstva za mimo\u0159\u00e1dn\u00fdch situac\u00ed<\/td>\n<\/tr>\n<tr>\n<td style=\"width: 110.229px;\">10.9 2022<\/td>\n<td style=\"width: 705.771px;\"><b>100 let skautingu v Nov\u00e9m Ji\u010d\u00edn\u011b<\/b><\/td>\n<\/tr>\n<tr>\n<td style=\"width: 110.229px;\">17.-18.9 2022<\/td>\n<td style=\"width: 705.771px;\"><b>Splut\u00ed Moravice&nbsp;<\/b><\/td>\n<\/tr>\n<tr>\n<td style=\"text-align: center; width: 816px;\" colspan=\"2\">&nbsp;&nbsp;&nbsp;<\/p>\n<p style=\"text-align: left;\"><strong>&nbsp; &nbsp; &nbsp; &nbsp; &nbsp; &nbsp; &nbsp; &nbsp; &nbsp; &nbsp; &nbsp; &nbsp; &nbsp; &nbsp; &nbsp; &nbsp; &nbsp; &nbsp; <span style=\"color: #000080;\">&nbsp;\u0158\u00edjen<\/span><\/strong><\/p>\n<\/td>\n<\/tr>\n<tr>\n<td style=\"width: 110.229px;\">15.-16.10 2022<\/td>\n<td style=\"width: 705.771px;\"><strong>ZOO Ostrava &#8211;&nbsp;<\/strong>benjam\u00ednci + vl\u010data<\/td>\n<\/tr>\n<tr>\n<td style=\"width: 110.229px;\">15.10 2022<\/td>\n<td style=\"width: 705.771px;\"><b>Aquapark Krava\u0159e &#8211;&nbsp;<\/b>sv\u011btlu\u0161ky<\/td>\n<\/tr>\n<tr>\n<td style=\"text-align: center; width: 816px;\" colspan=\"2\">&nbsp;&nbsp;&nbsp;<\/p>\n<p style=\"text-align: left;\"><strong>&nbsp; &nbsp; &nbsp; &nbsp; &nbsp; &nbsp; &nbsp; &nbsp; &nbsp; &nbsp; &nbsp; &nbsp; &nbsp; &nbsp; &nbsp; &nbsp; &nbsp; &nbsp; <span style=\"color: #000080;\">&nbsp;Listopad<\/span><\/strong><\/p>\n<\/td>\n<\/tr>\n<tr>\n<td style=\"width: 110.229px;\">&nbsp;11.-13.11 2022<\/td>\n<td style=\"width: 705.771px;\"><b>P\u0159\u00edstavn\u00ed v\u00fdprava Bolatice<\/b><\/td>\n<\/tr>\n<tr>\n<td style=\"width: 110.229px;\">&nbsp;<\/td>\n<td style=\"width: 705.771px;\">&nbsp;<\/td>\n<\/tr>\n<tr>\n<td style=\"text-align: center; width: 816px;\" colspan=\"2\"><strong>&nbsp;<\/strong>&nbsp;&nbsp;<\/p>\n<p style=\"text-align: left;\"><strong>&nbsp; &nbsp; &nbsp; &nbsp; &nbsp; &nbsp; &nbsp; &nbsp; &nbsp; &nbsp; &nbsp; &nbsp; &nbsp; &nbsp; &nbsp; &nbsp; &nbsp; &nbsp; <span style=\"color: #000080;\">&nbsp;Prosinec<\/span><\/strong><\/p>\n<\/td>\n<\/tr>\n<tr>\n<td style=\"width: 110.229px;\">2.-3 12 2022<\/td>\n<td style=\"width: 705.771px;\"><strong>V\u00e1no\u010dn\u00ed v\u00fdprava &#8211;&nbsp;<\/strong>skautky<\/td>\n<\/tr>\n<tr>\n<td style=\"width: 110.229px;\">10.-11.12 2022&nbsp;<\/td>\n<td style=\"width: 705.771px;\"><b>V\u00e1no\u010dn\u00ed v\u00fdprava &#8211;&nbsp;<\/b>sv\u011btlu\u0161ky<\/td>\n<\/tr>\n<tr>\n<td style=\"width: 816px; text-align: center;\" colspan=\"2\">&nbsp;&nbsp;&nbsp;<\/p>\n<p style=\"text-align: left;\"><strong>&nbsp; &nbsp; &nbsp; &nbsp; &nbsp; &nbsp; &nbsp; &nbsp; &nbsp; &nbsp; &nbsp; &nbsp; &nbsp; &nbsp; &nbsp; &nbsp; &nbsp; &nbsp; &nbsp;<span style=\"color: #000080;\">Leden<\/span><\/strong><\/p>\n<\/td>\n<\/tr>\n<tr>\n<td style=\"width: 110.229px;\">&nbsp;14.1 2023<\/td>\n<td style=\"width: 705.771px;\"><strong>Celop\u0159\u00edstavn\u00ed v\u00fdprava na baz\u00e9n&nbsp;<\/strong><\/td>\n<\/tr>\n<tr>\n<td style=\"width: 816px;\" colspan=\"2\">&nbsp;<\/td>\n<\/tr>\n<tr>\n<td style=\"width: 816px; text-align: center;\" colspan=\"2\"><strong>&nbsp;<\/strong>&nbsp;&nbsp;<\/p>\n<p style=\"text-align: left;\"><strong>&nbsp; &nbsp; &nbsp; &nbsp; &nbsp; &nbsp; &nbsp; &nbsp; &nbsp; &nbsp; &nbsp; &nbsp; &nbsp; &nbsp; &nbsp; &nbsp; &nbsp; &nbsp; &nbsp;<span style=\"color: #000080;\">\u00danor<\/span><\/strong><\/p>\n<\/td>\n<\/tr>\n<tr>\n<td style=\"width: 110.229px;\">2023<\/td>\n<td style=\"width: 705.771px;\"><b>V\u00fdprava benjam\u00ednci a vl\u010data<\/b><\/td>\n<\/tr>\n<tr>\n<td style=\"width: 110.229px;\">&nbsp;<\/td>\n<td style=\"width: 705.771px;\">&nbsp;<\/td>\n<\/tr>\n<tr>\n<td style=\"width: 110.229px;\">&nbsp;<\/td>\n<td style=\"width: 705.771px;\">&nbsp;<\/td>\n<\/tr>\n<tr>\n<td style=\"width: 816px;\" colspan=\"2\">&nbsp;<\/td>\n<\/tr>\n<tr>\n<td style=\"width: 816px; text-align: center;\" colspan=\"2\">\n<p style=\"text-align: left;\"><strong>&nbsp; &nbsp; &nbsp; &nbsp; &nbsp; &nbsp; &nbsp; &nbsp; &nbsp; &nbsp; &nbsp; &nbsp; &nbsp; &nbsp; &nbsp; &nbsp; &nbsp; &nbsp; &nbsp;<span style=\"color: #000080;\">B\u0159ezen<\/span><\/strong><\/p>\n<\/td>\n<\/tr>\n<tr>\n<td style=\"width: 110.229px;\">&nbsp;<\/td>\n<td style=\"width: 705.771px;\"><b>&nbsp;<\/b><\/td>\n<\/tr>\n<tr>\n<td style=\"width: 110.229px;\">&nbsp;<\/td>\n<td style=\"width: 705.771px;\">&nbsp;<\/td>\n<\/tr>\n<tr>\n<td style=\"width: 816px;\" colspan=\"2\">&nbsp;<\/td>\n<\/tr>\n<tr>\n<td style=\"width: 816px; text-align: center;\" colspan=\"2\">&nbsp;&nbsp;&nbsp;<\/p>\n<p style=\"text-align: left;\"><strong>&nbsp; &nbsp; &nbsp; &nbsp; &nbsp; &nbsp; &nbsp; &nbsp; &nbsp; &nbsp; &nbsp; &nbsp; &nbsp; &nbsp; &nbsp; &nbsp; &nbsp; &nbsp; <span style=\"color: #000080;\">&nbsp;Duben<\/span><\/strong><\/p>\n<\/td>\n<\/tr>\n<tr>\n<td style=\"width: 110.229px;\">22.4 2023<\/td>\n<td style=\"width: 705.771px;\"><strong>Tradi\u010dn\u00ed v\u00fdstup na Ivan\u010denu<\/strong>&nbsp;<\/td>\n<\/tr>\n<tr>\n<td style=\"width: 816px;\" colspan=\"2\">&nbsp;<\/td>\n<\/tr>\n<tr>\n<td style=\"width: 816px; text-align: center;\" colspan=\"2\">&nbsp;&nbsp;&nbsp;<\/p>\n<p style=\"text-align: left;\"><strong>&nbsp; &nbsp; &nbsp; &nbsp; &nbsp; &nbsp; &nbsp; &nbsp; &nbsp; &nbsp; &nbsp; &nbsp; &nbsp; &nbsp; &nbsp; &nbsp; &nbsp; &nbsp; &nbsp;<span style=\"color: #000080;\">Kv\u011bten<\/span><\/strong><\/p>\n<\/td>\n<\/tr>\n<tr>\n<td style=\"width: 110.229px;\">&nbsp;<\/td>\n<td style=\"width: 705.771px;\"><b>Tajn\u00e1 v\u00fdprava skaut\u016f a skautek&nbsp;<\/b><\/td>\n<\/tr>\n<tr>\n<td style=\"width: 816px;\" colspan=\"2\">&nbsp;<\/td>\n<\/tr>\n<tr>\n<td style=\"width: 816px; text-align: center;\" colspan=\"2\">&nbsp;&nbsp;&nbsp;<\/p>\n<p style=\"text-align: left;\"><strong>&nbsp; &nbsp; &nbsp; &nbsp; &nbsp; &nbsp; &nbsp; &nbsp; &nbsp; &nbsp; &nbsp; &nbsp; &nbsp; &nbsp; &nbsp; &nbsp; &nbsp; &nbsp; &nbsp;<span style=\"color: #000080;\">\u010cerven<\/span><\/strong><\/p>\n<\/td>\n<\/tr>\n<tr>\n<td style=\"width: 110.229px;\">&nbsp;<\/td>\n<td style=\"width: 705.771px;\">&nbsp;<strong>&nbsp;Cyklo v\u00fdprava&nbsp;<\/strong><\/td>\n<\/tr>\n<tr>\n<td style=\"width: 816px;\" colspan=\"2\">&nbsp;<\/td>\n<\/tr>\n<tr>\n<td style=\"width: 816px; text-align: center;\" colspan=\"2\">&nbsp;&nbsp;&nbsp;<\/p>\n<p style=\"text-align: left;\"><span style=\"color: #ff0000;\"><strong>&nbsp; &nbsp; &nbsp; &nbsp; &nbsp; &nbsp; &nbsp; &nbsp; &nbsp; &nbsp; &nbsp; &nbsp; &nbsp; &nbsp; &nbsp; &nbsp; &nbsp; &nbsp; &nbsp;<span style=\"color: #000080;\">\u010cervenec<\/span><\/strong><\/span><\/p>\n<\/td>\n<\/tr>\n<tr>\n<td style=\"width: 110.229px;\"><span style=\"color: #000000;\">&nbsp;<\/span><\/td>\n<td style=\"width: 705.771px;\"><span style=\"color: #000000;\"><strong>Stav\u011b\u010dka t\u00e1bora<\/strong><\/span><\/td>\n<\/tr>\n<tr>\n<td style=\"width: 110.229px;\">&nbsp;<\/td>\n<td style=\"width: 705.771px;\"><strong>T\u00e1bor na Slezsk\u00e9 Hart\u011b 10. a 12. odd\u00edl<\/strong><\/td>\n<\/tr>\n<tr>\n<td style=\"width: 110.229px;\">&nbsp;<\/td>\n<td style=\"width: 705.771px;\">&nbsp;<\/td>\n<\/tr>\n<tr>\n<td style=\"width: 816px;\" colspan=\"2\">&nbsp;<\/td>\n<\/tr>\n<tr>\n<td style=\"width: 110.229px;\">&nbsp;<\/td>\n<td style=\"width: 705.771px;\">&nbsp;<\/td>\n<\/tr>\n<\/tbody>\n<\/table>\n<p>&nbsp;<\/p>\n","protected":false},"excerpt":{"rendered":"<p>Pl\u00e1n akc\u00ed na rok 2022\/2023 \u200b &nbsp; &nbsp; &nbsp; &nbsp; &nbsp; &nbsp; &nbsp; &nbsp; &nbsp; &nbsp; &nbsp; &nbsp; &nbsp; &nbsp; &nbsp; &nbsp; &nbsp; &nbsp; &nbsp;Z\u00e1\u0159\u00ed 2. 9. 2022&hellip;<\/p>\n","protected":false},"author":1,"featured_media":0,"parent":0,"menu_order":0,"comment_status":"closed","ping_status":"closed","template":"","meta":{"ngg_post_thumbnail":0},"_links":{"self":[{"href":"http:\/\/poseidonopava.cz\/index.php\/wp-json\/wp\/v2\/pages\/73"}],"collection":[{"href":"http:\/\/poseidonopava.cz\/index.php\/wp-json\/wp\/v2\/pages"}],"about":[{"href":"http:\/\/poseidonopava.cz\/index.php\/wp-json\/wp\/v2\/types\/page"}],"author":[{"embeddable":true,"href":"http:\/\/poseidonopava.cz\/index.php\/wp-json\/wp\/v2\/users\/1"}],"replies":[{"embeddable":true,"href":"http:\/\/poseidonopava.cz\/index.php\/wp-json\/wp\/v2\/comments?post=73"}],"version-history":[{"count":63,"href":"http:\/\/poseidonopava.cz\/index.php\/wp-json\/wp\/v2\/pages\/73\/revisions"}],"predecessor-version":[{"id":592,"href":"http:\/\/poseidonopava.cz\/index.php\/wp-json\/wp\/v2\/pages\/73\/revisions\/592"}],"wp:attachment":[{"href":"http:\/\/poseidonopava.cz\/index.php\/wp-json\/wp\/v2\/media?parent=73"}],"curies":[{"name":"wp","href":"https:\/\/api.w.org\/{rel}","templated":true}]}}