{"id":347,"date":"2017-11-28T10:19:58","date_gmt":"2017-11-28T09:19:58","guid":{"rendered":"http:\/\/poseidonopava.cz\/?page_id=347"},"modified":"2023-12-16T15:27:41","modified_gmt":"2023-12-16T14:27:41","slug":"fotogalerie","status":"publish","type":"page","link":"http:\/\/poseidonopava.cz\/index.php\/fotogalerie\/","title":{"rendered":"Fotogalerie"},"content":{"rendered":"<p>Fotky odd\u00edl\u016f si m\u016f\u017eete prohl\u00e9dnout na odkazech n\u00ed\u017ee.<\/p>\n<table>\n<tbody>\n<tr>\n<td>10. odd\u00edl vodn\u00edch skaut\u016f a skautek<\/td>\n<td>&nbsp; &nbsp; &nbsp;<a href=\"https:\/\/poseidonopava.rajce.idnes.cz\/\" target=\"_blank\" rel=\"noopener\">FOTO<\/a><\/td>\n<\/tr>\n<tr>\n<td>12. odd\u00edl vodn\u00edch \u017eabi\u010dek a vl\u010dat<\/td>\n<td>&nbsp; &nbsp; &nbsp;<a href=\"https:\/\/poseidonopava.rajce.idnes.cz\/\" target=\"_blank\" rel=\"noopener\">FOTO<\/a><\/td>\n<\/tr>\n<tr>\n<td>&nbsp;<\/td>\n<td>&nbsp;<\/td>\n<\/tr>\n<tr>\n<td>&nbsp;<\/td>\n<td>&nbsp;<\/td>\n<\/tr>\n<\/tbody>\n<\/table>\n","protected":false},"excerpt":{"rendered":"<p>Fotky odd\u00edl\u016f si m\u016f\u017eete prohl\u00e9dnout na odkazech n\u00ed\u017ee. 10. odd\u00edl vodn\u00edch skaut\u016f a skautek &nbsp; &nbsp; &nbsp;FOTO 12. odd\u00edl vodn\u00edch \u017eabi\u010dek a vl\u010dat &nbsp; &nbsp; &nbsp;FOTO &nbsp; &nbsp;&hellip;<\/p>\n","protected":false},"author":1,"featured_media":0,"parent":0,"menu_order":0,"comment_status":"closed","ping_status":"closed","template":"","meta":{"ngg_post_thumbnail":0},"_links":{"self":[{"href":"http:\/\/poseidonopava.cz\/index.php\/wp-json\/wp\/v2\/pages\/347"}],"collection":[{"href":"http:\/\/poseidonopava.cz\/index.php\/wp-json\/wp\/v2\/pages"}],"about":[{"href":"http:\/\/poseidonopava.cz\/index.php\/wp-json\/wp\/v2\/types\/page"}],"author":[{"embeddable":true,"href":"http:\/\/poseidonopava.cz\/index.php\/wp-json\/wp\/v2\/users\/1"}],"replies":[{"embeddable":true,"href":"http:\/\/poseidonopava.cz\/index.php\/wp-json\/wp\/v2\/comments?post=347"}],"version-history":[{"count":6,"href":"http:\/\/poseidonopava.cz\/index.php\/wp-json\/wp\/v2\/pages\/347\/revisions"}],"predecessor-version":[{"id":594,"href":"http:\/\/poseidonopava.cz\/index.php\/wp-json\/wp\/v2\/pages\/347\/revisions\/594"}],"wp:attachment":[{"href":"http:\/\/poseidonopava.cz\/index.php\/wp-json\/wp\/v2\/media?parent=347"}],"curies":[{"name":"wp","href":"https:\/\/api.w.org\/{rel}","templated":true}]}}