{"id":249,"date":"2017-11-23T14:35:34","date_gmt":"2017-11-23T13:35:34","guid":{"rendered":"http:\/\/svj12.cz\/?page_id=249"},"modified":"2023-05-09T21:05:53","modified_gmt":"2023-05-09T19:05:53","slug":"podporuji-nas","status":"publish","type":"page","link":"http:\/\/poseidonopava.cz\/index.php\/podporuji-nas\/","title":{"rendered":"Podporuj\u00ed n\u00e1s"},"content":{"rendered":"\n<p><\/p>\n\n\n\n<p><\/p>\n\n\n<table style=\"height: 653px;\" width=\"525\">\n<tbody>\n<tr style=\"height: 8.66669px;\">\n<td style=\"height: 8.66669px; width: 202.863px;\"><a href=\"https:\/\/www.opava-city.cz\/cz\/\"><span style=\"color: #000000;\">Statut\u00e1rn\u00ed m\u011bsto Opava<\/span><\/a><\/td>\n<td style=\"height: 8.66669px; width: 303.275px;\"><img decoding=\"async\" loading=\"lazy\" class=\"aligncenter wp-image-535\" src=\"http:\/\/poseidonopava.cz\/wp-content\/uploads\/2017\/11\/m\u011bsto-opava.png\" alt=\"\" width=\"181\" height=\"181\" srcset=\"http:\/\/poseidonopava.cz\/wp-content\/uploads\/2017\/11\/m\u011bsto-opava.png 225w, http:\/\/poseidonopava.cz\/wp-content\/uploads\/2017\/11\/m\u011bsto-opava-150x150.png 150w\" sizes=\"(max-width: 181px) 100vw, 181px\" \/>&nbsp;<\/td>\n<td style=\"height: 8.66669px; width: 0.0625px;\">&nbsp;<\/td>\n<\/tr>\n<tr style=\"height: 24px;\">\n<td style=\"height: 24px; width: 202.863px;\">&nbsp;<\/td>\n<td style=\"height: 24px; width: 303.275px;\">&nbsp;<\/td>\n<td style=\"height: 24px; width: 0.0625px;\">&nbsp;<\/td>\n<\/tr>\n<tr style=\"height: 24px;\">\n<td style=\"height: 24px; width: 202.863px;\"><span style=\"color: #000000;\"><a href=\"https:\/\/www.msk.cz\/\"><span style=\"color: #000000;\">Moravskoslezsk\u00fd kraj<\/span><\/a><\/span>&nbsp;<\/td>\n<td style=\"height: 24px; width: 303.275px;\">&nbsp;<img decoding=\"async\" loading=\"lazy\" class=\"size-medium wp-image-536 aligncenter\" src=\"http:\/\/poseidonopava.cz\/wp-content\/uploads\/2017\/11\/kraj-300x102.jpg\" alt=\"\" width=\"300\" height=\"102\" srcset=\"http:\/\/poseidonopava.cz\/wp-content\/uploads\/2017\/11\/kraj-300x102.jpg 300w, http:\/\/poseidonopava.cz\/wp-content\/uploads\/2017\/11\/kraj-768x261.jpg 768w, http:\/\/poseidonopava.cz\/wp-content\/uploads\/2017\/11\/kraj.jpg 901w\" sizes=\"(max-width: 300px) 100vw, 300px\" \/><\/td>\n<td style=\"height: 24px; width: 0.0625px;\">&nbsp;<\/td>\n<\/tr>\n<tr style=\"height: 24px;\">\n<td style=\"height: 24px; width: 202.863px;\">&nbsp;<\/td>\n<td style=\"height: 24px; width: 303.275px;\">&nbsp;<\/td>\n<td style=\"height: 24px; width: 0.0625px;\">&nbsp;<\/td>\n<\/tr>\n<tr style=\"height: 24px;\">\n<td style=\"height: 24px; width: 202.863px;\"><a href=\"https:\/\/www.rappa.cz\/\"><span style=\"color: #000000;\">Rappa<\/span><\/a><\/td>\n<td style=\"height: 24px; width: 303.275px;\">&nbsp;<img decoding=\"async\" loading=\"lazy\" class=\"size-medium wp-image-517 aligncenter\" src=\"http:\/\/poseidonopava.cz\/wp-content\/uploads\/2022\/10\/rappa-300x117.png\" alt=\"\" width=\"300\" height=\"117\" srcset=\"http:\/\/poseidonopava.cz\/wp-content\/uploads\/2022\/10\/rappa-300x117.png 300w, http:\/\/poseidonopava.cz\/wp-content\/uploads\/2022\/10\/rappa-768x299.png 768w, http:\/\/poseidonopava.cz\/wp-content\/uploads\/2022\/10\/rappa.png 1000w\" sizes=\"(max-width: 300px) 100vw, 300px\" \/><\/td>\n<td style=\"height: 24px; width: 0.0625px;\">&nbsp;<\/td>\n<\/tr>\n<tr style=\"height: 24px;\">\n<td style=\"height: 24px; width: 202.863px;\">&nbsp;<\/td>\n<td style=\"height: 24px; width: 303.275px;\">&nbsp;<\/td>\n<td style=\"height: 24px; width: 0.0625px;\">&nbsp;<\/td>\n<\/tr>\n<tr style=\"height: 24px;\">\n<td style=\"height: 24px; width: 202.863px;\">&nbsp;<\/td>\n<td style=\"height: 24px; width: 303.275px;\">&nbsp;<\/td>\n<td style=\"height: 24px; width: 0.0625px;\">&nbsp;<\/td>\n<\/tr>\n<tr style=\"height: 24px;\">\n<td style=\"height: 24px; width: 202.863px;\">&nbsp;<\/td>\n<td style=\"height: 24px; width: 303.275px;\">&nbsp;<\/td>\n<td style=\"height: 24px; width: 0.0625px;\">&nbsp;<\/td>\n<\/tr>\n<tr style=\"height: 24px;\">\n<td style=\"height: 24px; width: 202.863px;\">&nbsp;<\/td>\n<td style=\"height: 24px; width: 303.275px;\">&nbsp;<\/td>\n<td style=\"height: 24px; width: 0.0625px;\">&nbsp;<\/td>\n<\/tr>\n<\/tbody>\n<\/table>\n<p>&nbsp;<\/p>","protected":false},"excerpt":{"rendered":"<p>Statut\u00e1rn\u00ed m\u011bsto Opava &nbsp; &nbsp; &nbsp; &nbsp; &nbsp; Moravskoslezsk\u00fd kraj&nbsp; &nbsp; &nbsp; &nbsp; &nbsp; &nbsp; Rappa &nbsp; &nbsp; &nbsp; &nbsp; &nbsp; &nbsp; &nbsp; &nbsp; &nbsp; &nbsp; &nbsp; &nbsp;&hellip;<\/p>\n","protected":false},"author":1,"featured_media":0,"parent":0,"menu_order":0,"comment_status":"closed","ping_status":"closed","template":"","meta":{"ngg_post_thumbnail":0},"_links":{"self":[{"href":"http:\/\/poseidonopava.cz\/index.php\/wp-json\/wp\/v2\/pages\/249"}],"collection":[{"href":"http:\/\/poseidonopava.cz\/index.php\/wp-json\/wp\/v2\/pages"}],"about":[{"href":"http:\/\/poseidonopava.cz\/index.php\/wp-json\/wp\/v2\/types\/page"}],"author":[{"embeddable":true,"href":"http:\/\/poseidonopava.cz\/index.php\/wp-json\/wp\/v2\/users\/1"}],"replies":[{"embeddable":true,"href":"http:\/\/poseidonopava.cz\/index.php\/wp-json\/wp\/v2\/comments?post=249"}],"version-history":[{"count":24,"href":"http:\/\/poseidonopava.cz\/index.php\/wp-json\/wp\/v2\/pages\/249\/revisions"}],"predecessor-version":[{"id":562,"href":"http:\/\/poseidonopava.cz\/index.php\/wp-json\/wp\/v2\/pages\/249\/revisions\/562"}],"wp:attachment":[{"href":"http:\/\/poseidonopava.cz\/index.php\/wp-json\/wp\/v2\/media?parent=249"}],"curies":[{"name":"wp","href":"https:\/\/api.w.org\/{rel}","templated":true}]}}